{"id":198,"date":"2023-05-10T17:23:00","date_gmt":"2023-05-10T17:23:00","guid":{"rendered":"https:\/\/afosterri.org\/jdepreresults\/?page_id=198"},"modified":"2023-05-11T12:34:30","modified_gmt":"2023-05-11T12:34:30","slug":"phase-2-results","status":"publish","type":"page","link":"https:\/\/afosterri.org\/jdepreresults\/phase-2-results\/","title":{"rendered":"Phase 2 Disposition"},"content":{"rendered":"<div class=\"wpforms-view wpforms-view-type-list view-theme-default wpforms-view-196\"> <div class=\"wpf-views-196-cont wpf-views-cont\"><div class=\"pure-g wpforms-view-row\"><div class=\" wpforms-view-col pure-u-1 pure-u-md-1\"><div class=\"wpforms-view-field-cont  field-14 \"><div class=\"wpforms-view-field-label\">Disposition<\/div><div class=\"wpforms-view-field-value wpforms-view-field-type-radio-value\">Phase 2 Acceptance<\/div><\/div><div class=\"wpforms-view-field-cont  field-15 \"><div class=\"wpforms-view-field-label\">Date<\/div><div class=\"wpforms-view-field-value wpforms-view-field-type-date-time-value\">11\/12\/2025<\/div><\/div><div class=\"wpforms-view-field-cont  field-5 \"><div class=\"wpforms-view-field-label\">Article Title<\/div><div class=\"wpforms-view-field-value wpforms-view-field-type-text-value\">Diffusion in social networks: Experimental evidence on information sharing vs persuasion<\/div><\/div><div class=\"wpforms-view-field-cont  field-13 \"><div class=\"wpforms-view-field-label\">Article Authors<\/div><div class=\"wpforms-view-field-value wpforms-view-field-type-text-value\">Marcel Fafchamps, Asad Islam, Debayan Pakrashi, and Denni Tommasi<\/div><\/div><div class=\"wpforms-view-field-cont  field-10 \"><div class=\"wpforms-view-field-label\">Attach Article<\/div><div class=\"wpforms-view-field-value wpforms-view-field-type-file-upload-value\"><a href=\"https:\/\/afosterri.org\/jdepreresults\/wp-content\/uploads\/2025\/11\/fafchamps-islam-pakrashi-tommasi-2025-stage2-accepted-7f24fcef9c33ec0fc92c12fc00ae200b.pdf\" rel=\"noopener\" target=\"_blank\">fafchamps-islam-pakrashi-tommasi-2025-stage2-accepted.pdf<\/a><\/div><\/div><div class=\"wpforms-view-field-cont  field-17 \"><div class=\"wpforms-view-field-label\">URL of Phase 1 Acceptance<\/div><div class=\"wpforms-view-field-value wpforms-view-field-type-url-value\"><a target=\"_blank\" href=\"https:\/\/afosterri.org\/jdepreresults\/wp-content\/uploads\/2023\/06\/fafchamps-islam-pakrashi-tommasi-2023-DEVEC-D-23-00192-ca71785c99a1b68a3bc924721da524b0.pdf\" >https:\/\/afosterri.org\/jdepreresults\/wp-content\/uploads\/2023\/06\/fafchamps-islam-pakrashi-tommasi-2023-DEVEC-D-23-00192-ca71785c99a1b68a3bc924721da524b0.pdf<\/a><\/div><\/div><\/div><\/div><div class=\"pure-g wpforms-view-row\"><div class=\" wpforms-view-col pure-u-1 pure-u-md-1\"><div class=\"wpforms-view-field-cont  field-14 \"><div class=\"wpforms-view-field-label\">Disposition<\/div><div class=\"wpforms-view-field-value wpforms-view-field-type-radio-value\">Phase 2 Acceptance<\/div><\/div><div class=\"wpforms-view-field-cont  field-15 \"><div class=\"wpforms-view-field-label\">Date<\/div><div class=\"wpforms-view-field-value wpforms-view-field-type-date-time-value\">10\/04\/2025<\/div><\/div><div class=\"wpforms-view-field-cont  field-5 \"><div class=\"wpforms-view-field-label\">Article Title<\/div><div class=\"wpforms-view-field-value wpforms-view-field-type-text-value\">Unlocking young women\u2019s potential? The impact of a low-cost career guidance program<\/div><\/div><div class=\"wpforms-view-field-cont  field-13 \"><div class=\"wpforms-view-field-label\">Article Authors<\/div><div class=\"wpforms-view-field-value wpforms-view-field-type-text-value\">Ankush Asri, Viola Asri, and Anke Hoeffler<\/div><\/div><div class=\"wpforms-view-field-cont  field-10 \"><div class=\"wpforms-view-field-label\">Attach Article<\/div><div class=\"wpforms-view-field-value wpforms-view-field-type-file-upload-value\"><a href=\"https:\/\/afosterri.org\/jdepreresults\/wp-content\/uploads\/2025\/10\/asri-asri-hoeffler-unlocking-young-womens-minds-stage-2-accept-D-e2aef8ed22967b68432c0708ecbbd5d7.pdf\" rel=\"noopener\" target=\"_blank\">asri-asri-hoeffler-unlocking-young-womens-minds-stage-2-accept-DEVEC-D-25-01517.pdf<\/a><\/div><\/div><div class=\"wpforms-view-field-cont  field-17 \"><div class=\"wpforms-view-field-label\">URL of Phase 1 Acceptance<\/div><div class=\"wpforms-view-field-value wpforms-view-field-type-url-value\"><a target=\"_blank\" href=\"https:\/\/afosterri.org\/jdepreresults\/wp-content\/uploads\/2023\/09\/asri-asri-hoeffler-unlocking-young-womens-minds-DEVEC-D-23-00213-0585306a2a2e9d6d30532346c4356f76.pdf\" >https:\/\/afosterri.org\/jdepreresults\/wp-content\/uploads\/2023\/09\/asri-asri-hoeffler-unlocking-young-womens-minds-DEVEC-D-23-00213-0585306a2a2e9d6d30532346c4356f76.pdf<\/a><\/div><\/div><\/div><\/div><div class=\"pure-g wpforms-view-row\"><div class=\" wpforms-view-col pure-u-1 pure-u-md-1\"><div class=\"wpforms-view-field-cont  field-14 \"><div class=\"wpforms-view-field-label\">Disposition<\/div><div class=\"wpforms-view-field-value wpforms-view-field-type-radio-value\">Phase 2 Acceptance<\/div><\/div><div class=\"wpforms-view-field-cont  field-15 \"><div class=\"wpforms-view-field-label\">Date<\/div><div class=\"wpforms-view-field-value wpforms-view-field-type-date-time-value\">07\/14\/2025<\/div><\/div><div class=\"wpforms-view-field-cont  field-5 \"><div class=\"wpforms-view-field-label\">Article Title<\/div><div class=\"wpforms-view-field-value wpforms-view-field-type-text-value\">Beyond Poverty Reduction: Evidence from a Multifaceted Program on Poverty, Nutrition and Child Development<\/div><\/div><div class=\"wpforms-view-field-cont  field-13 \"><div class=\"wpforms-view-field-label\">Article Authors<\/div><div class=\"wpforms-view-field-value wpforms-view-field-type-text-value\">Adrien Bouguen, PhD Andrew Dillon, PhD<\/div><\/div><div class=\"wpforms-view-field-cont  field-10 \"><div class=\"wpforms-view-field-label\">Attach Article<\/div><div class=\"wpforms-view-field-value wpforms-view-field-type-file-upload-value\"><a href=\"https:\/\/afosterri.org\/jdepreresults\/wp-content\/uploads\/2025\/07\/Pages-from-DEVEC_2018_1301_R3-d17b2bf5e99a02dacac5d24f6bb1051b.pdf\" rel=\"noopener\" target=\"_blank\">Pages-from-DEVEC_2018_1301_R3.pdf<\/a><\/div><\/div><div class=\"wpforms-view-field-cont  field-17 \"><div class=\"wpforms-view-field-label\">URL of Phase 1 Acceptance<\/div><div class=\"wpforms-view-field-value wpforms-view-field-type-url-value\"><\/div><\/div><\/div><\/div><div class=\"pure-g wpforms-view-row\"><div class=\" wpforms-view-col pure-u-1 pure-u-md-1\"><div class=\"wpforms-view-field-cont  field-14 \"><div class=\"wpforms-view-field-label\">Disposition<\/div><div class=\"wpforms-view-field-value wpforms-view-field-type-radio-value\">Phase 2 Acceptance<\/div><\/div><div class=\"wpforms-view-field-cont  field-15 \"><div class=\"wpforms-view-field-label\">Date<\/div><div class=\"wpforms-view-field-value wpforms-view-field-type-date-time-value\">04\/19\/2025<\/div><\/div><div class=\"wpforms-view-field-cont  field-5 \"><div class=\"wpforms-view-field-label\">Article Title<\/div><div class=\"wpforms-view-field-value wpforms-view-field-type-text-value\">Hairdressers and well-being: local services provision and mental health first response<\/div><\/div><div class=\"wpforms-view-field-cont  field-13 \"><div class=\"wpforms-view-field-label\">Article Authors<\/div><div class=\"wpforms-view-field-value wpforms-view-field-type-text-value\">Bj\u00f6rn Nilsson, Cl\u00e9mence Pougu\u00e9 Biyong<\/div><\/div><div class=\"wpforms-view-field-cont  field-10 \"><div class=\"wpforms-view-field-label\">Attach Article<\/div><div class=\"wpforms-view-field-value wpforms-view-field-type-file-upload-value\"><a href=\"https:\/\/afosterri.org\/jdepreresults\/wp-content\/uploads\/2025\/04\/local_services-997ae127fd56c985739682acd9725bf4.pdf\" rel=\"noopener\" target=\"_blank\">local_services.pdf<\/a><\/div><\/div><div class=\"wpforms-view-field-cont  field-17 \"><div class=\"wpforms-view-field-label\">URL of Phase 1 Acceptance<\/div><div class=\"wpforms-view-field-value wpforms-view-field-type-url-value\"><a target=\"_blank\" href=\"https:\/\/afosterri.org\/phase1.pdf\" >https:\/\/afosterri.org\/phase1.pdf<\/a><\/div><\/div><\/div><\/div><div class=\"pure-g wpforms-view-row\"><div class=\" wpforms-view-col pure-u-1 pure-u-md-1\"><div class=\"wpforms-view-field-cont  field-14 \"><div class=\"wpforms-view-field-label\">Disposition<\/div><div class=\"wpforms-view-field-value wpforms-view-field-type-radio-value\"><\/div><\/div><div class=\"wpforms-view-field-cont  field-15 \"><div class=\"wpforms-view-field-label\">Date<\/div><div class=\"wpforms-view-field-value wpforms-view-field-type-date-time-value\">02\/09\/2025<\/div><\/div><div class=\"wpforms-view-field-cont  field-5 \"><div class=\"wpforms-view-field-label\">Article Title<\/div><div class=\"wpforms-view-field-value wpforms-view-field-type-text-value\">What\u2019s in the Name? Volunteer and Employment Opportunities in Egypt<\/div><\/div><div class=\"wpforms-view-field-cont  field-13 \"><div class=\"wpforms-view-field-label\">Article Authors<\/div><div class=\"wpforms-view-field-value wpforms-view-field-type-text-value\">Brian Feld, Marieke Kleemans, and Abdel Rahman Nagy<\/div><\/div><div class=\"wpforms-view-field-cont  field-10 \"><div class=\"wpforms-view-field-label\">Attach Article<\/div><div class=\"wpforms-view-field-value wpforms-view-field-type-file-upload-value\"><a href=\"https:\/\/afosterri.org\/jdepreresults\/wp-content\/uploads\/2025\/02\/feld-kleemans-nagy-whats-in-the-name-DEVEC-D-24-00836_R1-a2a6b58454a8bb2b01ec8acb969813cc.pdf\" rel=\"noopener\" target=\"_blank\">feld-kleemans-nagy-whats-in-the-name-DEVEC-D-24-00836_R1.pdf<\/a><\/div><\/div><div class=\"wpforms-view-field-cont  field-17 \"><div class=\"wpforms-view-field-label\">URL of Phase 1 Acceptance<\/div><div class=\"wpforms-view-field-value wpforms-view-field-type-url-value\"><\/div><\/div><\/div><\/div><div class=\"pure-g wpforms-view-row\"><div class=\" wpforms-view-col pure-u-1 pure-u-md-1\"><div class=\"wpforms-view-field-cont  field-14 \"><div class=\"wpforms-view-field-label\">Disposition<\/div><div class=\"wpforms-view-field-value wpforms-view-field-type-radio-value\">Phase 2 Acceptance<\/div><\/div><div class=\"wpforms-view-field-cont  field-15 \"><div class=\"wpforms-view-field-label\">Date<\/div><div class=\"wpforms-view-field-value wpforms-view-field-type-date-time-value\">07\/29\/2022<\/div><\/div><div class=\"wpforms-view-field-cont  field-5 \"><div class=\"wpforms-view-field-label\">Article Title<\/div><div class=\"wpforms-view-field-value wpforms-view-field-type-text-value\">Knowledge, Stigma, and HIV Testing: An Analysis of a Widespread HIV\/AIDS Program<\/div><\/div><div class=\"wpforms-view-field-cont  field-13 \"><div class=\"wpforms-view-field-label\">Article Authors<\/div><div class=\"wpforms-view-field-value wpforms-view-field-type-text-value\">Dean Yang, James Allen, Arlete Mahumane, James Riddell, Hang Yu<\/div><\/div><div class=\"wpforms-view-field-cont  field-10 \"><div class=\"wpforms-view-field-label\">Attach Article<\/div><div class=\"wpforms-view-field-value wpforms-view-field-type-file-upload-value\"><a href=\"https:\/\/afosterri.org\/jdepreresults\/wp-content\/uploads\/2023\/05\/yangetalFCC2022-a791e7bf9be27e5d69ba717563f5c96a.pdf\" rel=\"noopener\" target=\"_blank\">yangetalFCC2022.pdf<\/a><\/div><\/div><div class=\"wpforms-view-field-cont  field-17 \"><div class=\"wpforms-view-field-label\">URL of Phase 1 Acceptance<\/div><div class=\"wpforms-view-field-value wpforms-view-field-type-url-value\"><a target=\"_blank\" href=\"https:\/\/afosterri.org\/jdepreresults\/wp-content\/uploads\/2023\/05\/yang-mahumane-riddell-yu-JDE-Stage-1-2019-0722-84ae584c5e3acfa3cdb588c1e6079ef2.pdf\" >https:\/\/afosterri.org\/jdepreresults\/wp-content\/uploads\/2023\/05\/yang-mahumane-riddell-yu-JDE-Stage-1-2019-0722-84ae584c5e3acfa3cdb588c1e6079ef2.pdf<\/a><\/div><\/div><\/div><\/div><div class=\"pure-g wpforms-view-row\"><div class=\" wpforms-view-col pure-u-1 pure-u-md-1\"><div class=\"wpforms-view-field-cont  field-14 \"><div class=\"wpforms-view-field-label\">Disposition<\/div><div class=\"wpforms-view-field-value wpforms-view-field-type-radio-value\">Phase 2 Acceptance<\/div><\/div><div class=\"wpforms-view-field-cont  field-15 \"><div class=\"wpforms-view-field-label\">Date<\/div><div class=\"wpforms-view-field-value wpforms-view-field-type-date-time-value\">03\/01\/2020<\/div><\/div><div class=\"wpforms-view-field-cont  field-5 \"><div class=\"wpforms-view-field-label\">Article Title<\/div><div class=\"wpforms-view-field-value wpforms-view-field-type-text-value\">The Short Term Impact of a Productive Asset Transfer in Families with Child Labor: Experimental Evidence from the Phillipines<\/div><\/div><div class=\"wpforms-view-field-cont  field-13 \"><div class=\"wpforms-view-field-label\">Article Authors<\/div><div class=\"wpforms-view-field-value wpforms-view-field-type-text-value\">Eric Edmonds, Caroline Theoharides<\/div><\/div><div class=\"wpforms-view-field-cont  field-10 \"><div class=\"wpforms-view-field-label\">Attach Article<\/div><div class=\"wpforms-view-field-value wpforms-view-field-type-file-upload-value\"><a href=\"https:\/\/afosterri.org\/jdepreresults\/wp-content\/uploads\/2023\/05\/2019_1218_KASAMA_revision-af21d4debd657cfa3eab2bd609401691.pdf\" rel=\"noopener\" target=\"_blank\">2019_1218_KASAMA_revision.pdf<\/a><\/div><\/div><div class=\"wpforms-view-field-cont  field-17 \"><div class=\"wpforms-view-field-label\">URL of Phase 1 Acceptance<\/div><div class=\"wpforms-view-field-value wpforms-view-field-type-url-value\"><a target=\"_blank\" href=\"https:\/\/afosterri.org\/jdepreresults\/wp-content\/uploads\/2023\/05\/kasama_stage1-0158a8601ba785b2a61d3e7b4d60c55a.pdf\" >https:\/\/afosterri.org\/jdepreresults\/wp-content\/uploads\/2023\/05\/kasama_stage1-0158a8601ba785b2a61d3e7b4d60c55a.pdf<\/a><\/div><\/div><\/div><\/div><div class=\"pure-g wpforms-view-row\"><div class=\" wpforms-view-col pure-u-1 pure-u-md-1\"><div class=\"wpforms-view-field-cont  field-14 \"><div class=\"wpforms-view-field-label\">Disposition<\/div><div class=\"wpforms-view-field-value wpforms-view-field-type-radio-value\">Phase 2 Acceptance<\/div><\/div><div class=\"wpforms-view-field-cont  field-15 \"><div class=\"wpforms-view-field-label\">Date<\/div><div class=\"wpforms-view-field-value wpforms-view-field-type-date-time-value\">03\/01\/2020<\/div><\/div><div class=\"wpforms-view-field-cont  field-5 \"><div class=\"wpforms-view-field-label\">Article Title<\/div><div class=\"wpforms-view-field-value wpforms-view-field-type-text-value\">Using Household Grants to Benchmark the Cost Effectiveness of a USAID Workforce Readiness Program<\/div><\/div><div class=\"wpforms-view-field-cont  field-13 \"><div class=\"wpforms-view-field-label\">Article Authors<\/div><div class=\"wpforms-view-field-value wpforms-view-field-type-text-value\">Craig McIntosh, Andrew Zeitlin<\/div><\/div><div class=\"wpforms-view-field-cont  field-10 \"><div class=\"wpforms-view-field-label\">Attach Article<\/div><div class=\"wpforms-view-field-value wpforms-view-field-type-file-upload-value\"><a href=\"https:\/\/afosterri.org\/jdepreresults\/wp-content\/uploads\/2023\/05\/Manuscript-Huguka_Dukore_220330-778c61adc8cc079e20661d299c115fc9.pdf\" rel=\"noopener\" target=\"_blank\">Manuscript-Huguka_Dukore_220330.pdf<\/a><\/div><\/div><div class=\"wpforms-view-field-cont  field-17 \"><div class=\"wpforms-view-field-label\">URL of Phase 1 Acceptance<\/div><div class=\"wpforms-view-field-value wpforms-view-field-type-url-value\"><a target=\"_blank\" href=\"https:\/\/afosterri.org\/jdepreresults\/wp-content\/uploads\/2023\/05\/Rwanda-Cash-Benchmarking-Stage-1-a96e0e8bd3ab33a6aba7f88bbebf542d.pdf\" >https:\/\/afosterri.org\/jdepreresults\/wp-content\/uploads\/2023\/05\/Rwanda-Cash-Benchmarking-Stage-1-a96e0e8bd3ab33a6aba7f88bbebf542d.pdf<\/a><\/div><\/div><\/div><\/div><div class=\"pure-g wpforms-view-row\"><div class=\" wpforms-view-col pure-u-1 pure-u-md-1\"><div class=\"wpforms-view-field-cont  field-14 \"><div class=\"wpforms-view-field-label\">Disposition<\/div><div class=\"wpforms-view-field-value wpforms-view-field-type-radio-value\">Published Elsewhere<\/div><\/div><div class=\"wpforms-view-field-cont  field-15 \"><div class=\"wpforms-view-field-label\">Date<\/div><div class=\"wpforms-view-field-value wpforms-view-field-type-date-time-value\">12\/01\/2019<\/div><\/div><div class=\"wpforms-view-field-cont  field-5 \"><div class=\"wpforms-view-field-label\">Article Title<\/div><div class=\"wpforms-view-field-value wpforms-view-field-type-text-value\">Gang rule: An experiment in countering criminal governance<\/div><\/div><div class=\"wpforms-view-field-cont  field-13 \"><div class=\"wpforms-view-field-label\">Article Authors<\/div><div class=\"wpforms-view-field-value wpforms-view-field-type-text-value\">Christopher Blattman, Gustavo Duncan, Benjamin Lessing, Santiago Tobon<\/div><\/div><div class=\"wpforms-view-field-cont  field-10 \"><div class=\"wpforms-view-field-label\">Attach Article<\/div><div class=\"wpforms-view-field-value wpforms-view-field-type-file-upload-value\"><a href=\"https:\/\/afosterri.org\/jdepreresults\/wp-content\/uploads\/2023\/05\/GangRule-cca98b69ac792a4be0a9e3cf905eb113.pdf\" rel=\"noopener\" target=\"_blank\">GangRule.pdf<\/a><\/div><\/div><div class=\"wpforms-view-field-cont  field-17 \"><div class=\"wpforms-view-field-label\">URL of Phase 1 Acceptance<\/div><div class=\"wpforms-view-field-value wpforms-view-field-type-url-value\"><a target=\"_blank\" href=\"https:\/\/afosterri.org\/jdepreresults\/wp-content\/uploads\/2023\/05\/gangs-colombia-stage1-9e80e6b2423f352249eaa6fed9603538.pdf\" >https:\/\/afosterri.org\/jdepreresults\/wp-content\/uploads\/2023\/05\/gangs-colombia-stage1-9e80e6b2423f352249eaa6fed9603538.pdf<\/a><\/div><\/div><\/div><\/div><div class=\"pure-g wpforms-view-row\"><div class=\" wpforms-view-col pure-u-1 pure-u-md-1\"><div class=\"wpforms-view-field-cont  field-14 \"><div class=\"wpforms-view-field-label\">Disposition<\/div><div class=\"wpforms-view-field-value wpforms-view-field-type-radio-value\">Phase 2 Acceptance<\/div><\/div><div class=\"wpforms-view-field-cont  field-15 \"><div class=\"wpforms-view-field-label\">Date<\/div><div class=\"wpforms-view-field-value wpforms-view-field-type-date-time-value\">09\/01\/2019<\/div><\/div><div class=\"wpforms-view-field-cont  field-5 \"><div class=\"wpforms-view-field-label\">Article Title<\/div><div class=\"wpforms-view-field-value wpforms-view-field-type-text-value\">A Breath of Fresh Air: Raising Awareness for Clean Fuel Adoption<\/div><\/div><div class=\"wpforms-view-field-cont  field-13 \"><div class=\"wpforms-view-field-label\">Article Authors<\/div><div class=\"wpforms-view-field-value wpforms-view-field-type-text-value\">Farzana Afridi, Sisir Debnath, E. Somanathan<\/div><\/div><div class=\"wpforms-view-field-cont  field-10 \"><div class=\"wpforms-view-field-label\">Attach Article<\/div><div class=\"wpforms-view-field-value wpforms-view-field-type-file-upload-value\"><a href=\"https:\/\/afosterri.org\/jdepreresults\/wp-content\/uploads\/2023\/05\/LPG_Apr21-4ba1255c64bb48ffa7a1a2e5c786a2a7.pdf\" rel=\"noopener\" target=\"_blank\">LPG_Apr21.pdf<\/a><\/div><\/div><div class=\"wpforms-view-field-cont  field-17 \"><div class=\"wpforms-view-field-label\">URL of Phase 1 Acceptance<\/div><div class=\"wpforms-view-field-value wpforms-view-field-type-url-value\"><a target=\"_blank\" href=\"https:\/\/afosterri.org\/jdepreresults\/wp-content\/uploads\/2023\/05\/Afridi-et-al-A-Breath-of-Fresh-Air-Raising-Awareness-for-Clean-F-f7a4daf4d510e72c638690854bb88846.pdf\" >https:\/\/afosterri.org\/jdepreresults\/wp-content\/uploads\/2023\/05\/Afridi-et-al-A-Breath-of-Fresh-Air-Raising-Awareness-for-Clean-F-f7a4daf4d510e72c638690854bb88846.pdf<\/a><\/div><\/div><\/div><\/div><\/div><\/div>\n","protected":false},"excerpt":{"rendered":"","protected":false},"author":1,"featured_media":0,"parent":0,"menu_order":0,"comment_status":"closed","ping_status":"closed","template":"","meta":{"om_disable_all_campaigns":false,"_monsterinsights_skip_tracking":false,"_monsterinsights_sitenote_active":false,"_monsterinsights_sitenote_note":"","_monsterinsights_sitenote_category":0,"footnotes":""},"class_list":["post-198","page","type-page","status-publish","hentry"],"yoast_head":"<!-- This site is optimized with the Yoast SEO plugin v27.4 - https:\/\/yoast.com\/product\/yoast-seo-wordpress\/ -->\n<title>Phase 2 Disposition - JDE Preresults Review<\/title>\n<meta name=\"robots\" content=\"index, follow, max-snippet:-1, max-image-preview:large, max-video-preview:-1\" \/>\n<link rel=\"canonical\" href=\"https:\/\/afosterri.org\/jdepreresults\/phase-2-results\/\" \/>\n<meta property=\"og:locale\" content=\"en_US\" \/>\n<meta property=\"og:type\" content=\"article\" \/>\n<meta property=\"og:title\" content=\"Phase 2 Disposition - JDE Preresults Review\" \/>\n<meta property=\"og:url\" content=\"https:\/\/afosterri.org\/jdepreresults\/phase-2-results\/\" \/>\n<meta property=\"og:site_name\" content=\"JDE Preresults Review\" \/>\n<meta property=\"article:modified_time\" content=\"2023-05-11T12:34:30+00:00\" \/>\n<meta name=\"twitter:card\" content=\"summary_large_image\" \/>\n<meta name=\"twitter:label1\" content=\"Est. reading time\" \/>\n\t<meta name=\"twitter:data1\" content=\"1 minute\" \/>\n<script type=\"application\/ld+json\" class=\"yoast-schema-graph\">{\"@context\":\"https:\\\/\\\/schema.org\",\"@graph\":[{\"@type\":\"WebPage\",\"@id\":\"https:\\\/\\\/afosterri.org\\\/jdepreresults\\\/phase-2-results\\\/\",\"url\":\"https:\\\/\\\/afosterri.org\\\/jdepreresults\\\/phase-2-results\\\/\",\"name\":\"Phase 2 Disposition - JDE Preresults Review\",\"isPartOf\":{\"@id\":\"https:\\\/\\\/afosterri.org\\\/jdepreresults\\\/#website\"},\"datePublished\":\"2023-05-10T17:23:00+00:00\",\"dateModified\":\"2023-05-11T12:34:30+00:00\",\"breadcrumb\":{\"@id\":\"https:\\\/\\\/afosterri.org\\\/jdepreresults\\\/phase-2-results\\\/#breadcrumb\"},\"inLanguage\":\"en-US\",\"potentialAction\":[{\"@type\":\"ReadAction\",\"target\":[\"https:\\\/\\\/afosterri.org\\\/jdepreresults\\\/phase-2-results\\\/\"]}]},{\"@type\":\"BreadcrumbList\",\"@id\":\"https:\\\/\\\/afosterri.org\\\/jdepreresults\\\/phase-2-results\\\/#breadcrumb\",\"itemListElement\":[{\"@type\":\"ListItem\",\"position\":1,\"name\":\"Home\",\"item\":\"https:\\\/\\\/afosterri.org\\\/jdepreresults\\\/\"},{\"@type\":\"ListItem\",\"position\":2,\"name\":\"Phase 2 Disposition\"}]},{\"@type\":\"WebSite\",\"@id\":\"https:\\\/\\\/afosterri.org\\\/jdepreresults\\\/#website\",\"url\":\"https:\\\/\\\/afosterri.org\\\/jdepreresults\\\/\",\"name\":\"JDE Preresults Review\",\"description\":\"Insuring Against Publication Bias in Development Economics\",\"potentialAction\":[{\"@type\":\"SearchAction\",\"target\":{\"@type\":\"EntryPoint\",\"urlTemplate\":\"https:\\\/\\\/afosterri.org\\\/jdepreresults\\\/?s={search_term_string}\"},\"query-input\":{\"@type\":\"PropertyValueSpecification\",\"valueRequired\":true,\"valueName\":\"search_term_string\"}}],\"inLanguage\":\"en-US\"}]}<\/script>\n<!-- \/ Yoast SEO plugin. -->","yoast_head_json":{"title":"Phase 2 Disposition - JDE Preresults Review","robots":{"index":"index","follow":"follow","max-snippet":"max-snippet:-1","max-image-preview":"max-image-preview:large","max-video-preview":"max-video-preview:-1"},"canonical":"https:\/\/afosterri.org\/jdepreresults\/phase-2-results\/","og_locale":"en_US","og_type":"article","og_title":"Phase 2 Disposition - JDE Preresults Review","og_url":"https:\/\/afosterri.org\/jdepreresults\/phase-2-results\/","og_site_name":"JDE Preresults Review","article_modified_time":"2023-05-11T12:34:30+00:00","twitter_card":"summary_large_image","twitter_misc":{"Est. reading time":"1 minute"},"schema":{"@context":"https:\/\/schema.org","@graph":[{"@type":"WebPage","@id":"https:\/\/afosterri.org\/jdepreresults\/phase-2-results\/","url":"https:\/\/afosterri.org\/jdepreresults\/phase-2-results\/","name":"Phase 2 Disposition - JDE Preresults Review","isPartOf":{"@id":"https:\/\/afosterri.org\/jdepreresults\/#website"},"datePublished":"2023-05-10T17:23:00+00:00","dateModified":"2023-05-11T12:34:30+00:00","breadcrumb":{"@id":"https:\/\/afosterri.org\/jdepreresults\/phase-2-results\/#breadcrumb"},"inLanguage":"en-US","potentialAction":[{"@type":"ReadAction","target":["https:\/\/afosterri.org\/jdepreresults\/phase-2-results\/"]}]},{"@type":"BreadcrumbList","@id":"https:\/\/afosterri.org\/jdepreresults\/phase-2-results\/#breadcrumb","itemListElement":[{"@type":"ListItem","position":1,"name":"Home","item":"https:\/\/afosterri.org\/jdepreresults\/"},{"@type":"ListItem","position":2,"name":"Phase 2 Disposition"}]},{"@type":"WebSite","@id":"https:\/\/afosterri.org\/jdepreresults\/#website","url":"https:\/\/afosterri.org\/jdepreresults\/","name":"JDE Preresults Review","description":"Insuring Against Publication Bias in Development Economics","potentialAction":[{"@type":"SearchAction","target":{"@type":"EntryPoint","urlTemplate":"https:\/\/afosterri.org\/jdepreresults\/?s={search_term_string}"},"query-input":{"@type":"PropertyValueSpecification","valueRequired":true,"valueName":"search_term_string"}}],"inLanguage":"en-US"}]}},"jetpack_sharing_enabled":true,"_links":{"self":[{"href":"https:\/\/afosterri.org\/jdepreresults\/wp-json\/wp\/v2\/pages\/198","targetHints":{"allow":["GET"]}}],"collection":[{"href":"https:\/\/afosterri.org\/jdepreresults\/wp-json\/wp\/v2\/pages"}],"about":[{"href":"https:\/\/afosterri.org\/jdepreresults\/wp-json\/wp\/v2\/types\/page"}],"author":[{"embeddable":true,"href":"https:\/\/afosterri.org\/jdepreresults\/wp-json\/wp\/v2\/users\/1"}],"replies":[{"embeddable":true,"href":"https:\/\/afosterri.org\/jdepreresults\/wp-json\/wp\/v2\/comments?post=198"}],"version-history":[{"count":5,"href":"https:\/\/afosterri.org\/jdepreresults\/wp-json\/wp\/v2\/pages\/198\/revisions"}],"predecessor-version":[{"id":261,"href":"https:\/\/afosterri.org\/jdepreresults\/wp-json\/wp\/v2\/pages\/198\/revisions\/261"}],"wp:attachment":[{"href":"https:\/\/afosterri.org\/jdepreresults\/wp-json\/wp\/v2\/media?parent=198"}],"curies":[{"name":"wp","href":"https:\/\/api.w.org\/{rel}","templated":true}]}}